{"id":33,"date":"2020-01-06T05:06:06","date_gmt":"2020-01-06T05:06:06","guid":{"rendered":"http:\/\/spacious-free-company-demo.qsandbox.com\/?page_id=33"},"modified":"2023-07-18T07:04:50","modified_gmt":"2023-07-18T07:04:50","slug":"iletisim","status":"publish","type":"page","link":"https:\/\/kaucuk-etiket.com\/en\/iletisim\/","title":{"rendered":"Contact Us"},"content":{"rendered":"<div data-elementor-type=\"wp-post\" data-elementor-id=\"33\" class=\"elementor elementor-33\">\n\t\t\t\t\t\t<section class=\"elementor-section elementor-top-section elementor-element elementor-element-520cdeb1 elementor-section-full_width elementor-section-height-default elementor-section-height-default\" data-id=\"520cdeb1\" data-element_type=\"section\" data-e-type=\"section\" data-settings=\"{&quot;background_background&quot;:&quot;classic&quot;}\">\n\t\t\t\t\t\t\t<div class=\"elementor-background-overlay\"><\/div>\n\t\t\t\t\t\t\t<div class=\"elementor-container elementor-column-gap-default\">\n\t\t\t\t\t<div class=\"elementor-column elementor-col-100 elementor-top-column elementor-element elementor-element-3f973146\" data-id=\"3f973146\" data-element_type=\"column\" data-e-type=\"column\">\n\t\t\t<div class=\"elementor-widget-wrap elementor-element-populated\">\n\t\t\t\t\t\t<div class=\"elementor-element elementor-element-119af375 elementor-widget elementor-widget-heading\" data-id=\"119af375\" data-element_type=\"widget\" data-e-type=\"widget\" data-widget_type=\"heading.default\">\n\t\t\t\t<div class=\"elementor-widget-container\">\n\t\t\t\t\t<h2 class=\"elementor-heading-title elementor-size-default\">Contact Us<\/h2>\t\t\t\t<\/div>\n\t\t\t\t<\/div>\n\t\t\t\t\t<\/div>\n\t\t<\/div>\n\t\t\t\t\t<\/div>\n\t\t<\/section>\n\t\t\t\t<section class=\"elementor-section elementor-top-section elementor-element elementor-element-3873a844 elementor-section-boxed elementor-section-height-default elementor-section-height-default\" data-id=\"3873a844\" data-element_type=\"section\" data-e-type=\"section\">\n\t\t\t\t\t\t<div class=\"elementor-container elementor-column-gap-default\">\n\t\t\t\t\t<div class=\"elementor-column elementor-col-100 elementor-top-column elementor-element elementor-element-39ba6061\" data-id=\"39ba6061\" data-element_type=\"column\" data-e-type=\"column\" data-settings=\"{&quot;background_background&quot;:&quot;classic&quot;}\">\n\t\t\t<div class=\"elementor-widget-wrap elementor-element-populated\">\n\t\t\t\t\t\t<div class=\"elementor-element elementor-element-669ef49b elementor-widget elementor-widget-google_maps\" data-id=\"669ef49b\" data-element_type=\"widget\" data-e-type=\"widget\" data-widget_type=\"google_maps.default\">\n\t\t\t\t<div class=\"elementor-widget-container\">\n\t\t\t\t\t\t\t<div class=\"elementor-custom-embed\">\n\t\t\t<iframe loading=\"lazy\"\n\t\t\t\t\tsrc=\"https:\/\/maps.google.com\/maps?q=kivi%20kau%C3%A7uk&#038;t=m&#038;z=15&#038;output=embed&#038;iwloc=near\"\n\t\t\t\t\ttitle=\"kivi kau\u00e7uk\"\n\t\t\t\t\taria-label=\"kivi kau\u00e7uk\"\n\t\t\t><\/iframe>\n\t\t<\/div>\n\t\t\t\t\t\t<\/div>\n\t\t\t\t<\/div>\n\t\t\t\t\t<\/div>\n\t\t<\/div>\n\t\t\t\t\t<\/div>\n\t\t<\/section>\n\t\t\t\t<section class=\"elementor-section elementor-top-section elementor-element elementor-element-14b50aa7 elementor-section-boxed elementor-section-height-default elementor-section-height-default\" data-id=\"14b50aa7\" data-element_type=\"section\" data-e-type=\"section\">\n\t\t\t\t\t\t<div class=\"elementor-container elementor-column-gap-default\">\n\t\t\t\t\t<div class=\"elementor-column elementor-col-100 elementor-top-column elementor-element elementor-element-2f293853\" data-id=\"2f293853\" data-element_type=\"column\" data-e-type=\"column\">\n\t\t\t<div class=\"elementor-widget-wrap elementor-element-populated\">\n\t\t\t\t\t\t<div class=\"elementor-element elementor-element-6b43d329 elementor-widget elementor-widget-heading\" data-id=\"6b43d329\" data-element_type=\"widget\" data-e-type=\"widget\" data-widget_type=\"heading.default\">\n\t\t\t\t<div class=\"elementor-widget-container\">\n\t\t\t\t\t<h2 class=\"elementor-heading-title elementor-size-default\">Contact Us<\/h2>\t\t\t\t<\/div>\n\t\t\t\t<\/div>\n\t\t\t\t\t<\/div>\n\t\t<\/div>\n\t\t\t\t\t<\/div>\n\t\t<\/section>\n\t\t\t\t<section class=\"elementor-section elementor-top-section elementor-element elementor-element-5dfde074 elementor-section-boxed elementor-section-height-default elementor-section-height-default\" data-id=\"5dfde074\" data-element_type=\"section\" data-e-type=\"section\">\n\t\t\t\t\t\t<div class=\"elementor-container elementor-column-gap-default\">\n\t\t\t\t\t<div class=\"elementor-column elementor-col-50 elementor-top-column elementor-element elementor-element-402bc016\" data-id=\"402bc016\" data-element_type=\"column\" data-e-type=\"column\">\n\t\t\t<div class=\"elementor-widget-wrap elementor-element-populated\">\n\t\t\t\t\t\t<div class=\"elementor-element elementor-element-6a71a553 elementor-widget elementor-widget-shortcode\" data-id=\"6a71a553\" data-element_type=\"widget\" data-e-type=\"widget\" data-widget_type=\"shortcode.default\">\n\t\t\t\t<div class=\"elementor-widget-container\">\n\t\t\t\t\t\t\t<div class=\"elementor-shortcode\">\n<div class=\"wpcf7 no-js\" id=\"wpcf7-f559-o1\" lang=\"en-US\" dir=\"ltr\" data-wpcf7-id=\"559\">\n<div class=\"screen-reader-response\"><p role=\"status\" aria-live=\"polite\" aria-atomic=\"true\"><\/p> <ul><\/ul><\/div>\n<form action=\"\/en\/wp-json\/wp\/v2\/pages\/33#wpcf7-f559-o1\" method=\"post\" class=\"wpcf7-form init\" aria-label=\"Contact form\" enctype=\"multipart\/form-data\" novalidate=\"novalidate\" data-status=\"init\" data-trp-original-action=\"\/en\/wp-json\/wp\/v2\/pages\/33#wpcf7-f559-o1\">\n<fieldset class=\"hidden-fields-container\"><input type=\"hidden\" name=\"_wpcf7\" value=\"559\" \/><input type=\"hidden\" name=\"_wpcf7_version\" value=\"6.1.5\" \/><input type=\"hidden\" name=\"_wpcf7_locale\" value=\"en_US\" \/><input type=\"hidden\" name=\"_wpcf7_unit_tag\" value=\"wpcf7-f559-o1\" \/><input type=\"hidden\" name=\"_wpcf7_container_post\" value=\"0\" \/><input type=\"hidden\" name=\"_wpcf7_posted_data_hash\" value=\"\" \/>\n<\/fieldset>\n<p><label> Name \/ Company Name (Required)<br \/>\n<span class=\"wpcf7-form-control-wrap\" data-name=\"your-name\"><input size=\"40\" maxlength=\"400\" class=\"wpcf7-form-control wpcf7-text wpcf7-validates-as-required\" aria-required=\"true\" aria-invalid=\"false\" value=\"\" type=\"text\" name=\"your-name\" \/><\/span> <\/label>\n<\/p>\n<p><label> Your Email (Required)<br \/>\n<span class=\"wpcf7-form-control-wrap\" data-name=\"your-email\"><input size=\"40\" maxlength=\"400\" class=\"wpcf7-form-control wpcf7-email wpcf7-validates-as-required wpcf7-text wpcf7-validates-as-email\" aria-required=\"true\" aria-invalid=\"false\" value=\"\" type=\"email\" name=\"your-email\" \/><\/span> <\/label>\n<\/p>\n<p><label> Subject<br \/>\n<span class=\"wpcf7-form-control-wrap\" data-name=\"your-subject\"><input size=\"40\" maxlength=\"400\" class=\"wpcf7-form-control wpcf7-text\" aria-invalid=\"false\" value=\"\" type=\"text\" name=\"your-subject\" \/><\/span> <\/label>\n<\/p>\n<p><label> Quantity?<br \/>\n<span class=\"wpcf7-form-control-wrap\" data-name=\"Adet\"><select class=\"wpcf7-form-control wpcf7-select wpcf7-validates-as-required\" aria-required=\"true\" aria-invalid=\"false\" name=\"Adet\"><option value=\"500-1000\">500-1000<\/option><option value=\"1001-2000\">1001-2000<\/option><option value=\"2001-5000\">2001-5000<\/option><option value=\"5001-10000\">5001-10000<\/option><option value=\"10001&#039;den fazla\">More than 10001<\/option><\/select><\/span> <\/label>\n<\/p>\n<p><label> When do you want your order?<br \/>\n<span class=\"wpcf7-form-control-wrap\" data-name=\"sure\"><select class=\"wpcf7-form-control wpcf7-select wpcf7-validates-as-required\" aria-required=\"true\" aria-invalid=\"false\" name=\"sure\"><option value=\"En k\u0131sa s\u00fcrede\">A.S.A.P<\/option><option value=\"1-2 hafta\">1-2 Weeks<\/option><option value=\"3-4 hafta\">3-4 Weeks<\/option><option value=\"5-6 hafta\">5-6 Weeks<\/option><option value=\"Sadece fiyat sormak\">Just asking about price<\/option><\/select><\/span> <\/label>\n<\/p>\n<p><label> Your Message<br \/>\n<span class=\"wpcf7-form-control-wrap\" data-name=\"your-message\"><textarea cols=\"40\" rows=\"10\" maxlength=\"2000\" class=\"wpcf7-form-control wpcf7-textarea\" aria-invalid=\"false\" name=\"your-message\"><\/textarea><\/span> <\/label>\n<\/p>\n<p><label> Please upload your artwork file. Please save vector file (EPS or AI) as PDF and convert all text to outlines and embed linked images in vector files. High-resolution image JPG, PNG files are allowed as well.<br \/>\n<span class=\"wpcf7-form-control-wrap\" data-name=\"file-155\"><input size=\"40\" class=\"wpcf7-form-control wpcf7-file\" accept=\".pdf,.png,.jpg,.ai,.eps,.bmp,.jpeg,.gif\" aria-invalid=\"false\" type=\"file\" name=\"file-155\" \/><\/span><\/label>\n<\/p>\n<p><input class=\"wpcf7-form-control wpcf7-submit has-spinner\" type=\"submit\" value=\"Send\" \/>\n<\/p><div class=\"wpcf7-response-output\" aria-hidden=\"true\"><\/div>\n<input type=\"hidden\" name=\"trp-form-language\" value=\"en\"\/><\/form>\n<\/div>\n<\/div>\n\t\t\t\t\t\t<\/div>\n\t\t\t\t<\/div>\n\t\t\t\t\t<\/div>\n\t\t<\/div>\n\t\t\t\t<div class=\"elementor-column elementor-col-50 elementor-top-column elementor-element elementor-element-66730f5\" data-id=\"66730f5\" data-element_type=\"column\" data-e-type=\"column\">\n\t\t\t<div class=\"elementor-widget-wrap elementor-element-populated\">\n\t\t\t\t\t\t<div class=\"elementor-element elementor-element-11b8785 elementor-position-inline-start elementor-view-default elementor-mobile-position-block-start elementor-widget elementor-widget-icon-box\" data-id=\"11b8785\" data-element_type=\"widget\" data-e-type=\"widget\" data-widget_type=\"icon-box.default\">\n\t\t\t\t<div class=\"elementor-widget-container\">\n\t\t\t\t\t\t\t<div class=\"elementor-icon-box-wrapper\">\n\n\t\t\t\t\t\t<div class=\"elementor-icon-box-icon\">\n\t\t\t\t<a href=\"https:\/\/goo.gl\/maps\/Jr5WftmR8CMLhfxJ8\" class=\"elementor-icon\" tabindex=\"-1\">\n\t\t\t\t<i aria-hidden=\"true\" class=\"fas fa-map-marker-alt\"><\/i>\t\t\t\t<\/a>\n\t\t\t<\/div>\n\t\t\t\n\t\t\t\t\t\t<div class=\"elementor-icon-box-content\">\n\n\t\t\t\t\n\t\t\t\t\t\t\t\t\t<p class=\"elementor-icon-box-description\">\n\t\t\t\t\t\tAykosan Sanayi Sitesi, Aykosan d\u00f6rtl\u00fc B\/193, 34490 \u0130kitelli Osb\/Ba\u015fak\u015fehir\n\t\t\t\t\t<\/p>\n\t\t\t\t\n\t\t\t<\/div>\n\t\t\t\n\t\t<\/div>\n\t\t\t\t\t\t<\/div>\n\t\t\t\t<\/div>\n\t\t\t\t<div class=\"elementor-element elementor-element-6db15598 elementor-position-inline-start elementor-view-default elementor-mobile-position-block-start elementor-widget elementor-widget-icon-box\" data-id=\"6db15598\" data-element_type=\"widget\" data-e-type=\"widget\" data-widget_type=\"icon-box.default\">\n\t\t\t\t<div class=\"elementor-widget-container\">\n\t\t\t\t\t\t\t<div class=\"elementor-icon-box-wrapper\">\n\n\t\t\t\t\t\t<div class=\"elementor-icon-box-icon\">\n\t\t\t\t<a href=\"https:\/\/wa.me\/905314617855\" class=\"elementor-icon\" tabindex=\"-1\" aria-label=\"+90 531 461 78 55\">\n\t\t\t\t<i aria-hidden=\"true\" class=\"fab fa-whatsapp\"><\/i>\t\t\t\t<\/a>\n\t\t\t<\/div>\n\t\t\t\n\t\t\t\t\t\t<div class=\"elementor-icon-box-content\">\n\n\t\t\t\t\t\t\t\t\t<h3 class=\"elementor-icon-box-title\">\n\t\t\t\t\t\t<a href=\"https:\/\/wa.me\/905314617855\" >\n\t\t\t\t\t\t\t+90 531 461 78 55\t\t\t\t\t\t<\/a>\n\t\t\t\t\t<\/h3>\n\t\t\t\t\n\t\t\t\t\n\t\t\t<\/div>\n\t\t\t\n\t\t<\/div>\n\t\t\t\t\t\t<\/div>\n\t\t\t\t<\/div>\n\t\t\t\t<div class=\"elementor-element elementor-element-6fc2141a elementor-position-inline-start elementor-view-default elementor-mobile-position-block-start elementor-widget elementor-widget-icon-box\" data-id=\"6fc2141a\" data-element_type=\"widget\" data-e-type=\"widget\" data-widget_type=\"icon-box.default\">\n\t\t\t\t<div class=\"elementor-widget-container\">\n\t\t\t\t\t\t\t<div class=\"elementor-icon-box-wrapper\">\n\n\t\t\t\t\t\t<div class=\"elementor-icon-box-icon\">\n\t\t\t\t<span  class=\"elementor-icon\">\n\t\t\t\t<i aria-hidden=\"true\" class=\"fas fa-envelope\"><\/i>\t\t\t\t<\/span>\n\t\t\t<\/div>\n\t\t\t\n\t\t\t\t\t\t<div class=\"elementor-icon-box-content\">\n\n\t\t\t\t\n\t\t\t\t\t\t\t\t\t<p class=\"elementor-icon-box-description\">\n\t\t\t\t\t\tinfo@kaucuk-etiket.com\t\t\t\t\t<\/p>\n\t\t\t\t\n\t\t\t<\/div>\n\t\t\t\n\t\t<\/div>\n\t\t\t\t\t\t<\/div>\n\t\t\t\t<\/div>\n\t\t\t\t\t<\/div>\n\t\t<\/div>\n\t\t\t\t\t<\/div>\n\t\t<\/section>\n\t\t\t\t<\/div>","protected":false},"excerpt":{"rendered":"<p>\u0130leti\u015fim Bize Ula\u015f\u0131n Aykosan Sanayi Sitesi, Aykosan d\u00f6rtl\u00fc B\/193, 34490 \u0130kitelli Osb\/Ba\u015fak\u015fehir +90 531 461 78 55 info@kaucuk-etiket.com<\/p>","protected":false},"author":1,"featured_media":0,"parent":0,"menu_order":0,"comment_status":"closed","ping_status":"closed","template":"","meta":{"footnotes":""},"class_list":["post-33","page","type-page","status-publish","hentry"],"yoast_head":"<!-- This site is optimized with the Yoast SEO plugin v27.4 - https:\/\/yoast.com\/product\/yoast-seo-wordpress\/ -->\n<title>\u0130leti\u015fim - Kivi Kau\u00e7uk<\/title>\n<meta name=\"robots\" content=\"index, follow, max-snippet:-1, max-image-preview:large, max-video-preview:-1\" \/>\n<link rel=\"canonical\" href=\"https:\/\/kaucuk-etiket.com\/en\/iletisim\/\" \/>\n<meta property=\"og:locale\" content=\"en_US\" \/>\n<meta property=\"og:type\" content=\"article\" \/>\n<meta property=\"og:title\" content=\"\u0130leti\u015fim - Kivi Kau\u00e7uk\" \/>\n<meta property=\"og:description\" content=\"\u0130leti\u015fim Bize Ula\u015f\u0131n Aykosan Sanayi Sitesi, Aykosan d\u00f6rtl\u00fc B\/193, 34490 \u0130kitelli Osb\/Ba\u015fak\u015fehir +90 531 461 78 55 info@kaucuk-etiket.com\" \/>\n<meta property=\"og:url\" content=\"https:\/\/kaucuk-etiket.com\/en\/iletisim\/\" \/>\n<meta property=\"og:site_name\" content=\"Kivi Kau\u00e7uk\" \/>\n<meta property=\"article:modified_time\" content=\"2023-07-18T07:04:50+00:00\" \/>\n<meta name=\"twitter:card\" content=\"summary_large_image\" \/>\n<meta name=\"twitter:label1\" content=\"Est. reading time\" \/>\n\t<meta name=\"twitter:data1\" content=\"1 minute\" \/>\n<script type=\"application\/ld+json\" class=\"yoast-schema-graph\">{\"@context\":\"https:\\\/\\\/schema.org\",\"@graph\":[{\"@type\":\"WebPage\",\"@id\":\"https:\\\/\\\/kaucuk-etiket.com\\\/iletisim\\\/\",\"url\":\"https:\\\/\\\/kaucuk-etiket.com\\\/iletisim\\\/\",\"name\":\"\u0130leti\u015fim - Kivi Kau\u00e7uk\",\"isPartOf\":{\"@id\":\"https:\\\/\\\/kaucuk-etiket.com\\\/#website\"},\"datePublished\":\"2020-01-06T05:06:06+00:00\",\"dateModified\":\"2023-07-18T07:04:50+00:00\",\"breadcrumb\":{\"@id\":\"https:\\\/\\\/kaucuk-etiket.com\\\/iletisim\\\/#breadcrumb\"},\"inLanguage\":\"en-US\",\"potentialAction\":[{\"@type\":\"ReadAction\",\"target\":[\"https:\\\/\\\/kaucuk-etiket.com\\\/iletisim\\\/\"]}]},{\"@type\":\"BreadcrumbList\",\"@id\":\"https:\\\/\\\/kaucuk-etiket.com\\\/iletisim\\\/#breadcrumb\",\"itemListElement\":[{\"@type\":\"ListItem\",\"position\":1,\"name\":\"Home\",\"item\":\"https:\\\/\\\/kaucuk-etiket.com\\\/\"},{\"@type\":\"ListItem\",\"position\":2,\"name\":\"\u0130leti\u015fim\"}]},{\"@type\":\"WebSite\",\"@id\":\"https:\\\/\\\/kaucuk-etiket.com\\\/#website\",\"url\":\"https:\\\/\\\/kaucuk-etiket.com\\\/\",\"name\":\"Kivi Kau\u00e7uk\",\"description\":\"Kau\u00e7uk Etiket Firmas\u0131 - Kau\u00e7uk Etiket imalat\u0131 - Silikon Etiket\",\"publisher\":{\"@id\":\"https:\\\/\\\/kaucuk-etiket.com\\\/#organization\"},\"potentialAction\":[{\"@type\":\"SearchAction\",\"target\":{\"@type\":\"EntryPoint\",\"urlTemplate\":\"https:\\\/\\\/kaucuk-etiket.com\\\/?s={search_term_string}\"},\"query-input\":{\"@type\":\"PropertyValueSpecification\",\"valueRequired\":true,\"valueName\":\"search_term_string\"}}],\"inLanguage\":\"en-US\"},{\"@type\":\"Organization\",\"@id\":\"https:\\\/\\\/kaucuk-etiket.com\\\/#organization\",\"name\":\"Kivi Kau\u00e7uk\",\"url\":\"https:\\\/\\\/kaucuk-etiket.com\\\/\",\"logo\":{\"@type\":\"ImageObject\",\"inLanguage\":\"en-US\",\"@id\":\"https:\\\/\\\/kaucuk-etiket.com\\\/#\\\/schema\\\/logo\\\/image\\\/\",\"url\":\"https:\\\/\\\/kaucuk-etiket.com\\\/wp-content\\\/uploads\\\/2020\\\/02\\\/Kivi-Kau\u00e7uk.jpg\",\"contentUrl\":\"https:\\\/\\\/kaucuk-etiket.com\\\/wp-content\\\/uploads\\\/2020\\\/02\\\/Kivi-Kau\u00e7uk.jpg\",\"width\":160,\"height\":86,\"caption\":\"Kivi Kau\u00e7uk\"},\"image\":{\"@id\":\"https:\\\/\\\/kaucuk-etiket.com\\\/#\\\/schema\\\/logo\\\/image\\\/\"}}]}<\/script>\n<!-- \/ Yoast SEO plugin. -->","yoast_head_json":{"title":"\u0130leti\u015fim - Kivi Kau\u00e7uk","robots":{"index":"index","follow":"follow","max-snippet":"max-snippet:-1","max-image-preview":"max-image-preview:large","max-video-preview":"max-video-preview:-1"},"canonical":"https:\/\/kaucuk-etiket.com\/en\/iletisim\/","og_locale":"en_US","og_type":"article","og_title":"\u0130leti\u015fim - Kivi Kau\u00e7uk","og_description":"\u0130leti\u015fim Bize Ula\u015f\u0131n Aykosan Sanayi Sitesi, Aykosan d\u00f6rtl\u00fc B\/193, 34490 \u0130kitelli Osb\/Ba\u015fak\u015fehir +90 531 461 78 55 info@kaucuk-etiket.com","og_url":"https:\/\/kaucuk-etiket.com\/en\/iletisim\/","og_site_name":"Kivi Kau\u00e7uk","article_modified_time":"2023-07-18T07:04:50+00:00","twitter_card":"summary_large_image","twitter_misc":{"Est. reading time":"1 minute"},"schema":{"@context":"https:\/\/schema.org","@graph":[{"@type":"WebPage","@id":"https:\/\/kaucuk-etiket.com\/iletisim\/","url":"https:\/\/kaucuk-etiket.com\/iletisim\/","name":"\u0130leti\u015fim - Kivi Kau\u00e7uk","isPartOf":{"@id":"https:\/\/kaucuk-etiket.com\/#website"},"datePublished":"2020-01-06T05:06:06+00:00","dateModified":"2023-07-18T07:04:50+00:00","breadcrumb":{"@id":"https:\/\/kaucuk-etiket.com\/iletisim\/#breadcrumb"},"inLanguage":"en-US","potentialAction":[{"@type":"ReadAction","target":["https:\/\/kaucuk-etiket.com\/iletisim\/"]}]},{"@type":"BreadcrumbList","@id":"https:\/\/kaucuk-etiket.com\/iletisim\/#breadcrumb","itemListElement":[{"@type":"ListItem","position":1,"name":"Home","item":"https:\/\/kaucuk-etiket.com\/"},{"@type":"ListItem","position":2,"name":"\u0130leti\u015fim"}]},{"@type":"WebSite","@id":"https:\/\/kaucuk-etiket.com\/#website","url":"https:\/\/kaucuk-etiket.com\/","name":"Kiwi Rubber","description":"Kau\u00e7uk Etiket Firmas\u0131 - Kau\u00e7uk Etiket imalat\u0131 - Silikon Etiket","publisher":{"@id":"https:\/\/kaucuk-etiket.com\/#organization"},"potentialAction":[{"@type":"SearchAction","target":{"@type":"EntryPoint","urlTemplate":"https:\/\/kaucuk-etiket.com\/?s={search_term_string}"},"query-input":{"@type":"PropertyValueSpecification","valueRequired":true,"valueName":"search_term_string"}}],"inLanguage":"en-US"},{"@type":"Organization","@id":"https:\/\/kaucuk-etiket.com\/#organization","name":"Kiwi Rubber","url":"https:\/\/kaucuk-etiket.com\/","logo":{"@type":"ImageObject","inLanguage":"en-US","@id":"https:\/\/kaucuk-etiket.com\/#\/schema\/logo\/image\/","url":"https:\/\/kaucuk-etiket.com\/wp-content\/uploads\/2020\/02\/Kivi-Kau\u00e7uk.jpg","contentUrl":"https:\/\/kaucuk-etiket.com\/wp-content\/uploads\/2020\/02\/Kivi-Kau\u00e7uk.jpg","width":160,"height":86,"caption":"Kivi Kau\u00e7uk"},"image":{"@id":"https:\/\/kaucuk-etiket.com\/#\/schema\/logo\/image\/"}}]}},"_links":{"self":[{"href":"https:\/\/kaucuk-etiket.com\/en\/wp-json\/wp\/v2\/pages\/33","targetHints":{"allow":["GET"]}}],"collection":[{"href":"https:\/\/kaucuk-etiket.com\/en\/wp-json\/wp\/v2\/pages"}],"about":[{"href":"https:\/\/kaucuk-etiket.com\/en\/wp-json\/wp\/v2\/types\/page"}],"author":[{"embeddable":true,"href":"https:\/\/kaucuk-etiket.com\/en\/wp-json\/wp\/v2\/users\/1"}],"replies":[{"embeddable":true,"href":"https:\/\/kaucuk-etiket.com\/en\/wp-json\/wp\/v2\/comments?post=33"}],"version-history":[{"count":3,"href":"https:\/\/kaucuk-etiket.com\/en\/wp-json\/wp\/v2\/pages\/33\/revisions"}],"predecessor-version":[{"id":1037,"href":"https:\/\/kaucuk-etiket.com\/en\/wp-json\/wp\/v2\/pages\/33\/revisions\/1037"}],"wp:attachment":[{"href":"https:\/\/kaucuk-etiket.com\/en\/wp-json\/wp\/v2\/media?parent=33"}],"curies":[{"name":"wp","href":"https:\/\/api.w.org\/{rel}","templated":true}]}}