{"id":849,"date":"2023-05-19T12:41:47","date_gmt":"2023-05-19T12:41:47","guid":{"rendered":"https:\/\/kaucuk-etiket.com\/?page_id=849"},"modified":"2023-07-18T12:35:07","modified_gmt":"2023-07-18T12:35:07","slug":"kaucuk-etiket-imalati","status":"publish","type":"page","link":"https:\/\/kaucuk-etiket.com\/en\/kaucuk-etiket-imalati\/","title":{"rendered":"Rubber label manufacturer"},"content":{"rendered":"<div data-elementor-type=\"wp-page\" data-elementor-id=\"849\" class=\"elementor elementor-849\">\n\t\t\t\t\t\t<section class=\"elementor-section elementor-top-section elementor-element elementor-element-532766c7 elementor-section-boxed elementor-section-height-default elementor-section-height-default\" data-id=\"532766c7\" data-element_type=\"section\" data-e-type=\"section\">\n\t\t\t\t\t\t<div class=\"elementor-container elementor-column-gap-default\">\n\t\t\t\t\t<div class=\"elementor-column elementor-col-100 elementor-top-column elementor-element elementor-element-76d5a7bd\" data-id=\"76d5a7bd\" data-element_type=\"column\" data-e-type=\"column\">\n\t\t\t<div class=\"elementor-widget-wrap elementor-element-populated\">\n\t\t\t\t\t\t<div class=\"elementor-element elementor-element-e3c13c6 elementor-widget elementor-widget-heading\" data-id=\"e3c13c6\" data-element_type=\"widget\" data-e-type=\"widget\" data-widget_type=\"heading.default\">\n\t\t\t\t<div class=\"elementor-widget-container\">\n\t\t\t\t\t<h1 class=\"elementor-heading-title elementor-size-default\">Rubber Label Manufacture<\/h1>\t\t\t\t<\/div>\n\t\t\t\t<\/div>\n\t\t\t\t<div class=\"elementor-element elementor-element-1ebb2757 elementor-widget elementor-widget-text-editor\" data-id=\"1ebb2757\" data-element_type=\"widget\" data-e-type=\"widget\" data-widget_type=\"text-editor.default\">\n\t\t\t\t<div class=\"elementor-widget-container\">\n\t\t\t\t\t\t\t\t\t<p><span style=\"color: #000000;\"><\/span><\/p>\n<p><span style=\"color: #000000;\">We manufacture rubber labels with raw materials that do not contain carcinogenic substances in our facilities. While many companies in the label industry also produce such labels, they struggle to consistently deliver the same quality. Rubber label production is our primary focus and we direct our production with the help of developing technology.<\/span><\/p>\n<p><span style=\"color: #000000;\"><\/span><\/p>\n<p><span style=\"color: #000000;\">Due to our commitment to quality and consistency, our rubber labels always meet the same high standards. In addition, we are proud of being a pioneer in the sector by constantly setting new targets by researching and applying developing technologies.<\/span><\/p>\n<p><span style=\"color: #000000;\"><\/span><\/p>\n<p><span style=\"color: #000000;\">Kiwi Rubber is happy to offer you brand new designs by using our vast experience in rubber label manufacturing and our superior service understanding.<\/span><\/p>\n<p><span style=\"color: #000000;\"><\/span><\/p>\t\t\t\t\t\t\t\t<\/div>\n\t\t\t\t<\/div>\n\t\t\t\t<div class=\"elementor-element elementor-element-f28c355 elementor-widget elementor-widget-heading\" data-id=\"f28c355\" data-element_type=\"widget\" data-e-type=\"widget\" data-widget_type=\"heading.default\">\n\t\t\t\t<div class=\"elementor-widget-container\">\n\t\t\t\t\t<h2 class=\"elementor-heading-title elementor-size-default\">We are an Integrated Rubber Label Manufacture<\/h2>\t\t\t\t<\/div>\n\t\t\t\t<\/div>\n\t\t\t\t<div class=\"elementor-element elementor-element-3bb417e elementor-widget elementor-widget-text-editor\" data-id=\"3bb417e\" data-element_type=\"widget\" data-e-type=\"widget\" data-widget_type=\"text-editor.default\">\n\t\t\t\t<div class=\"elementor-widget-container\">\n\t\t\t\t\t\t\t\t\t<p><span style=\"color: #000000;\">We manufacture rubber labels from start to finish. Starting from designing the mold, then opening it with our CNC machine, then mixing the raw materials using a high-speed disperser, then vacuuming out the materials to obtain the highest quality, then using the most advanced technology 12-color micro-injection machines to inject the materials into the mold, and finally cooking the mold in an oven High precision for accurate time setting and proper temperature setting.<\/span><\/p>\t\t\t\t\t\t\t\t<\/div>\n\t\t\t\t<\/div>\n\t\t\t\t<div class=\"elementor-element elementor-element-509eec0 elementor-widget elementor-widget-heading\" data-id=\"509eec0\" data-element_type=\"widget\" data-e-type=\"widget\" data-widget_type=\"heading.default\">\n\t\t\t\t<div class=\"elementor-widget-container\">\n\t\t\t\t\t<h3 class=\"elementor-heading-title elementor-size-default\">Raw Material Mixing<\/h3>\t\t\t\t<\/div>\n\t\t\t\t<\/div>\n\t\t\t\t<div class=\"elementor-element elementor-element-7fa02db elementor-widget elementor-widget-text-editor\" data-id=\"7fa02db\" data-element_type=\"widget\" data-e-type=\"widget\" data-widget_type=\"text-editor.default\">\n\t\t\t\t<div class=\"elementor-widget-container\">\n\t\t\t\t\t\t\t\t\t<p><span style=\"color: #000000;\">we are using a high-speed disperser to mix the raw materials<\/span><\/p>\t\t\t\t\t\t\t\t<\/div>\n\t\t\t\t<\/div>\n\t\t\t\t<div class=\"elementor-element elementor-element-1673ef9 elementor-widget__width-auto elementor-widget-tablet__width-auto elementor-widget-mobile__width-auto elementor-widget elementor-widget-video\" data-id=\"1673ef9\" data-element_type=\"widget\" data-e-type=\"widget\" data-settings=\"{&quot;video_type&quot;:&quot;hosted&quot;,&quot;autoplay&quot;:&quot;yes&quot;,&quot;play_on_mobile&quot;:&quot;yes&quot;,&quot;mute&quot;:&quot;yes&quot;,&quot;loop&quot;:&quot;yes&quot;,&quot;controls&quot;:&quot;yes&quot;}\" data-widget_type=\"video.default\">\n\t\t\t\t<div class=\"elementor-widget-container\">\n\t\t\t\t\t\t\t<div class=\"e-hosted-video elementor-wrapper elementor-open-inline\">\n\t\t\t\t\t<video class=\"elementor-video\" src=\"https:\/\/kaucuk-etiket.com\/wp-content\/uploads\/2023\/05\/WhatsApp-Video-2023-05-26-at-7.13.35-PM.mp4\" autoplay=\"\" loop=\"\" controls=\"\" muted=\"muted\" playsinline=\"\" controlslist=\"nodownload\"><\/video>\n\t\t\t\t<\/div>\n\t\t\t\t\t\t<\/div>\n\t\t\t\t<\/div>\n\t\t\t\t<div class=\"elementor-element elementor-element-d355875 elementor-widget elementor-widget-spacer\" data-id=\"d355875\" data-element_type=\"widget\" data-e-type=\"widget\" data-widget_type=\"spacer.default\">\n\t\t\t\t<div class=\"elementor-widget-container\">\n\t\t\t\t\t\t\t<div class=\"elementor-spacer\">\n\t\t\t<div class=\"elementor-spacer-inner\"><\/div>\n\t\t<\/div>\n\t\t\t\t\t\t<\/div>\n\t\t\t\t<\/div>\n\t\t\t\t<div class=\"elementor-element elementor-element-c03719c elementor-widget elementor-widget-heading\" data-id=\"c03719c\" data-element_type=\"widget\" data-e-type=\"widget\" data-widget_type=\"heading.default\">\n\t\t\t\t<div class=\"elementor-widget-container\">\n\t\t\t\t\t<h3 class=\"elementor-heading-title elementor-size-default\">Vacuuming of Raw Materials<\/h3>\t\t\t\t<\/div>\n\t\t\t\t<\/div>\n\t\t\t\t<div class=\"elementor-element elementor-element-728e879 elementor-widget elementor-widget-text-editor\" data-id=\"728e879\" data-element_type=\"widget\" data-e-type=\"widget\" data-widget_type=\"text-editor.default\">\n\t\t\t\t<div class=\"elementor-widget-container\">\n\t\t\t\t\t\t\t\t\t<p><span style=\"color: #000000;\">Vacuuming out the raw materials to get the best quality of the final product<\/span><\/p>\t\t\t\t\t\t\t\t<\/div>\n\t\t\t\t<\/div>\n\t\t\t\t<div class=\"elementor-element elementor-element-2fb4943 elementor-widget__width-auto elementor-widget elementor-widget-video\" data-id=\"2fb4943\" data-element_type=\"widget\" data-e-type=\"widget\" data-settings=\"{&quot;video_type&quot;:&quot;hosted&quot;,&quot;autoplay&quot;:&quot;yes&quot;,&quot;play_on_mobile&quot;:&quot;yes&quot;,&quot;mute&quot;:&quot;yes&quot;,&quot;loop&quot;:&quot;yes&quot;,&quot;controls&quot;:&quot;yes&quot;}\" data-widget_type=\"video.default\">\n\t\t\t\t<div class=\"elementor-widget-container\">\n\t\t\t\t\t\t\t<div class=\"e-hosted-video elementor-wrapper elementor-open-inline\">\n\t\t\t\t\t<video class=\"elementor-video\" src=\"https:\/\/kaucuk-etiket.com\/wp-content\/uploads\/2023\/05\/WhatsApp-Video-2023-05-26-at-7.13.42-PM.mp4\" autoplay=\"\" loop=\"\" controls=\"\" muted=\"muted\" playsinline=\"\" controlslist=\"nodownload\"><\/video>\n\t\t\t\t<\/div>\n\t\t\t\t\t\t<\/div>\n\t\t\t\t<\/div>\n\t\t\t\t<div class=\"elementor-element elementor-element-35e9e99 elementor-widget elementor-widget-spacer\" data-id=\"35e9e99\" data-element_type=\"widget\" data-e-type=\"widget\" data-widget_type=\"spacer.default\">\n\t\t\t\t<div class=\"elementor-widget-container\">\n\t\t\t\t\t\t\t<div class=\"elementor-spacer\">\n\t\t\t<div class=\"elementor-spacer-inner\"><\/div>\n\t\t<\/div>\n\t\t\t\t\t\t<\/div>\n\t\t\t\t<\/div>\n\t\t\t\t<div class=\"elementor-element elementor-element-5ad407a elementor-widget elementor-widget-heading\" data-id=\"5ad407a\" data-element_type=\"widget\" data-e-type=\"widget\" data-widget_type=\"heading.default\">\n\t\t\t\t<div class=\"elementor-widget-container\">\n\t\t\t\t\t<h3 class=\"elementor-heading-title elementor-size-default\">Material Injection in the Mold<\/h3>\t\t\t\t<\/div>\n\t\t\t\t<\/div>\n\t\t\t\t<div class=\"elementor-element elementor-element-1d4d19d elementor-widget elementor-widget-text-editor\" data-id=\"1d4d19d\" data-element_type=\"widget\" data-e-type=\"widget\" data-widget_type=\"text-editor.default\">\n\t\t\t\t<div class=\"elementor-widget-container\">\n\t\t\t\t\t\t\t\t\t<p><span style=\"color: #000000;\">Injecting materials into the mold using the most advanced 12-color micro-injection machine.<\/span><\/p>\t\t\t\t\t\t\t\t<\/div>\n\t\t\t\t<\/div>\n\t\t\t\t<div class=\"elementor-element elementor-element-6257d30 elementor-widget__width-auto e-transform elementor-widget elementor-widget-video\" data-id=\"6257d30\" data-element_type=\"widget\" data-e-type=\"widget\" data-settings=\"{&quot;video_type&quot;:&quot;hosted&quot;,&quot;autoplay&quot;:&quot;yes&quot;,&quot;play_on_mobile&quot;:&quot;yes&quot;,&quot;mute&quot;:&quot;yes&quot;,&quot;loop&quot;:&quot;yes&quot;,&quot;_animation&quot;:&quot;none&quot;,&quot;controls&quot;:&quot;yes&quot;,&quot;_transform_scale_effect&quot;:{&quot;unit&quot;:&quot;px&quot;,&quot;size&quot;:&quot;&quot;,&quot;sizes&quot;:[]},&quot;_transform_scale_effect_tablet&quot;:{&quot;unit&quot;:&quot;px&quot;,&quot;size&quot;:&quot;&quot;,&quot;sizes&quot;:[]},&quot;_transform_scale_effect_mobile&quot;:{&quot;unit&quot;:&quot;px&quot;,&quot;size&quot;:&quot;&quot;,&quot;sizes&quot;:[]}}\" data-widget_type=\"video.default\">\n\t\t\t\t<div class=\"elementor-widget-container\">\n\t\t\t\t\t\t\t<div class=\"e-hosted-video elementor-wrapper elementor-open-inline\">\n\t\t\t\t\t<video class=\"elementor-video\" src=\"https:\/\/kaucuk-etiket.com\/wp-content\/uploads\/2023\/06\/WhatsApp-Video-2023-06-04-at-9.41.42-AM.mp4\" autoplay=\"\" loop=\"\" controls=\"\" muted=\"muted\" playsinline=\"\" controlslist=\"nodownload\"><\/video>\n\t\t\t\t<\/div>\n\t\t\t\t\t\t<\/div>\n\t\t\t\t<\/div>\n\t\t\t\t<div class=\"elementor-element elementor-element-3d148ed elementor-widget__width-auto e-transform elementor-widget elementor-widget-video\" data-id=\"3d148ed\" data-element_type=\"widget\" data-e-type=\"widget\" data-settings=\"{&quot;video_type&quot;:&quot;hosted&quot;,&quot;autoplay&quot;:&quot;yes&quot;,&quot;play_on_mobile&quot;:&quot;yes&quot;,&quot;mute&quot;:&quot;yes&quot;,&quot;loop&quot;:&quot;yes&quot;,&quot;_animation&quot;:&quot;none&quot;,&quot;controls&quot;:&quot;yes&quot;,&quot;_transform_scale_effect&quot;:{&quot;unit&quot;:&quot;px&quot;,&quot;size&quot;:&quot;&quot;,&quot;sizes&quot;:[]},&quot;_transform_scale_effect_tablet&quot;:{&quot;unit&quot;:&quot;px&quot;,&quot;size&quot;:&quot;&quot;,&quot;sizes&quot;:[]},&quot;_transform_scale_effect_mobile&quot;:{&quot;unit&quot;:&quot;px&quot;,&quot;size&quot;:&quot;&quot;,&quot;sizes&quot;:[]}}\" data-widget_type=\"video.default\">\n\t\t\t\t<div class=\"elementor-widget-container\">\n\t\t\t\t\t\t\t<div class=\"e-hosted-video elementor-wrapper elementor-open-inline\">\n\t\t\t\t\t<video class=\"elementor-video\" src=\"https:\/\/kaucuk-etiket.com\/wp-content\/uploads\/2023\/06\/WhatsApp-Video-2023-06-04-at-9.41.31-AM.mp4\" autoplay=\"\" loop=\"\" controls=\"\" muted=\"muted\" playsinline=\"\" controlslist=\"nodownload\"><\/video>\n\t\t\t\t<\/div>\n\t\t\t\t\t\t<\/div>\n\t\t\t\t<\/div>\n\t\t\t\t<div class=\"elementor-element elementor-element-60e3895 elementor-widget elementor-widget-spacer\" data-id=\"60e3895\" data-element_type=\"widget\" data-e-type=\"widget\" data-widget_type=\"spacer.default\">\n\t\t\t\t<div class=\"elementor-widget-container\">\n\t\t\t\t\t\t\t<div class=\"elementor-spacer\">\n\t\t\t<div class=\"elementor-spacer-inner\"><\/div>\n\t\t<\/div>\n\t\t\t\t\t\t<\/div>\n\t\t\t\t<\/div>\n\t\t\t\t<div class=\"elementor-element elementor-element-ad45bc7 elementor-widget elementor-widget-heading\" data-id=\"ad45bc7\" data-element_type=\"widget\" data-e-type=\"widget\" data-widget_type=\"heading.default\">\n\t\t\t\t<div class=\"elementor-widget-container\">\n\t\t\t\t\t<h2 class=\"elementor-heading-title elementor-size-default\">Cooking the Materials<\/h2>\t\t\t\t<\/div>\n\t\t\t\t<\/div>\n\t\t\t\t<div class=\"elementor-element elementor-element-41444a5 elementor-widget elementor-widget-text-editor\" data-id=\"41444a5\" data-element_type=\"widget\" data-e-type=\"widget\" data-widget_type=\"text-editor.default\">\n\t\t\t\t<div class=\"elementor-widget-container\">\n\t\t\t\t\t\t\t\t\t<p><span style=\"color: #000000;\">heating mold with materials to a certain temperature using the most advanced high-precision industrial furnace<\/span><\/p>\t\t\t\t\t\t\t\t<\/div>\n\t\t\t\t<\/div>\n\t\t\t\t<div class=\"elementor-element elementor-element-3b4d512 elementor-widget__width-auto e-transform elementor-widget elementor-widget-video\" data-id=\"3b4d512\" data-element_type=\"widget\" data-e-type=\"widget\" data-settings=\"{&quot;video_type&quot;:&quot;hosted&quot;,&quot;autoplay&quot;:&quot;yes&quot;,&quot;play_on_mobile&quot;:&quot;yes&quot;,&quot;mute&quot;:&quot;yes&quot;,&quot;loop&quot;:&quot;yes&quot;,&quot;_animation&quot;:&quot;none&quot;,&quot;controls&quot;:&quot;yes&quot;,&quot;_transform_scale_effect&quot;:{&quot;unit&quot;:&quot;px&quot;,&quot;size&quot;:&quot;&quot;,&quot;sizes&quot;:[]},&quot;_transform_scale_effect_tablet&quot;:{&quot;unit&quot;:&quot;px&quot;,&quot;size&quot;:&quot;&quot;,&quot;sizes&quot;:[]},&quot;_transform_scale_effect_mobile&quot;:{&quot;unit&quot;:&quot;px&quot;,&quot;size&quot;:&quot;&quot;,&quot;sizes&quot;:[]}}\" data-widget_type=\"video.default\">\n\t\t\t\t<div class=\"elementor-widget-container\">\n\t\t\t\t\t\t\t<div class=\"e-hosted-video elementor-wrapper elementor-open-inline\">\n\t\t\t\t\t<video class=\"elementor-video\" src=\"https:\/\/kaucuk-etiket.com\/wp-content\/uploads\/2023\/06\/WhatsApp-Video-2023-06-04-at-9.41.48-AM.mp4\" autoplay=\"\" loop=\"\" controls=\"\" muted=\"muted\" playsinline=\"\" controlslist=\"nodownload\"><\/video>\n\t\t\t\t<\/div>\n\t\t\t\t\t\t<\/div>\n\t\t\t\t<\/div>\n\t\t\t\t\t<\/div>\n\t\t<\/div>\n\t\t\t\t\t<\/div>\n\t\t<\/section>\n\t\t\t\t<section class=\"elementor-section elementor-top-section elementor-element elementor-element-037b38d elementor-section-boxed elementor-section-height-default elementor-section-height-default\" data-id=\"037b38d\" data-element_type=\"section\" data-e-type=\"section\">\n\t\t\t\t\t\t<div class=\"elementor-container elementor-column-gap-default\">\n\t\t\t\t\t<div class=\"elementor-column elementor-col-100 elementor-top-column elementor-element elementor-element-13824c3\" data-id=\"13824c3\" data-element_type=\"column\" data-e-type=\"column\">\n\t\t\t<div class=\"elementor-widget-wrap elementor-element-populated\">\n\t\t\t\t\t\t<section class=\"elementor-section elementor-inner-section elementor-element elementor-element-00a5ae2 elementor-section-boxed elementor-section-height-default elementor-section-height-default\" data-id=\"00a5ae2\" data-element_type=\"section\" data-e-type=\"section\">\n\t\t\t\t\t\t<div class=\"elementor-container elementor-column-gap-default\">\n\t\t\t\t\t<div class=\"elementor-column elementor-col-50 elementor-inner-column elementor-element elementor-element-18d9301\" data-id=\"18d9301\" data-element_type=\"column\" data-e-type=\"column\" data-settings=\"{&quot;background_background&quot;:&quot;classic&quot;}\">\n\t\t\t<div class=\"elementor-widget-wrap elementor-element-populated\">\n\t\t\t\t\t\t<div class=\"elementor-element elementor-element-6ae63ee elementor-widget elementor-widget-heading\" data-id=\"6ae63ee\" data-element_type=\"widget\" data-e-type=\"widget\" data-widget_type=\"heading.default\">\n\t\t\t\t<div class=\"elementor-widget-container\">\n\t\t\t\t\t<h2 class=\"elementor-heading-title elementor-size-default\">Don\u2019t Wait! Contact Rubber Label Now!<\/h2>\t\t\t\t<\/div>\n\t\t\t\t<\/div>\n\t\t\t\t\t<\/div>\n\t\t<\/div>\n\t\t\t\t<div class=\"elementor-column elementor-col-50 elementor-inner-column elementor-element elementor-element-e96782b\" data-id=\"e96782b\" data-element_type=\"column\" data-e-type=\"column\" data-settings=\"{&quot;background_background&quot;:&quot;classic&quot;}\">\n\t\t\t<div class=\"elementor-widget-wrap elementor-element-populated\">\n\t\t\t\t\t\t<div class=\"elementor-element elementor-element-22a90d3 elementor-widget elementor-widget-button\" data-id=\"22a90d3\" data-element_type=\"widget\" data-e-type=\"widget\" data-widget_type=\"button.default\">\n\t\t\t\t<div class=\"elementor-widget-container\">\n\t\t\t\t\t\t\t\t\t<div class=\"elementor-button-wrapper\">\n\t\t\t\t\t<a class=\"elementor-button elementor-button-link elementor-size-sm\" href=\"https:\/\/kaucuk-etiket.com\/en\/iletisim\/\">\n\t\t\t\t\t\t<span class=\"elementor-button-content-wrapper\">\n\t\t\t\t\t\t\t\t\t<span class=\"elementor-button-text\">Get a Quote Today<\/span>\n\t\t\t\t\t<\/span>\n\t\t\t\t\t<\/a>\n\t\t\t\t<\/div>\n\t\t\t\t\t\t\t\t<\/div>\n\t\t\t\t<\/div>\n\t\t\t\t\t<\/div>\n\t\t<\/div>\n\t\t\t\t\t<\/div>\n\t\t<\/section>\n\t\t\t\t\t<\/div>\n\t\t<\/div>\n\t\t\t\t\t<\/div>\n\t\t<\/section>\n\t\t\t\t<\/div>","protected":false},"excerpt":{"rendered":"<p>Kau\u00e7uk Etiket imalat\u0131 Tesislerimizde kanserojen madde i\u00e7ermeyen hammaddelerle kau\u00e7uk etiket imalat\u0131 yapmaktay\u0131z. Etiket end\u00fcstrisindeki bir\u00e7ok \u015firket de bu t\u00fcr etiketler \u00fcretirken, ayn\u0131 kaliteyi s\u00fcrekli olarak sunmak i\u00e7in m\u00fccadele ediyor. Kau\u00e7uk etiket \u00fcretimi bizim i\u00e7in birincil odak noktas\u0131d\u0131r ve \u00fcretimimizi geli\u015fen<\/p>","protected":false},"author":1,"featured_media":0,"parent":0,"menu_order":0,"comment_status":"closed","ping_status":"closed","template":"","meta":{"footnotes":""},"class_list":["post-849","page","type-page","status-publish","hentry"],"yoast_head":"<!-- This site is optimized with the Yoast SEO plugin v27.4 - https:\/\/yoast.com\/product\/yoast-seo-wordpress\/ -->\n<title>Kau\u00e7uk etiket imalat\u0131 - Kivi Kau\u00e7uk<\/title>\n<meta name=\"description\" content=\"\u00d6ncelikli odak noktalar\u0131m\u0131zdan biri kau\u00e7uk etiket imalat\u0131 ve \u00fcretim s\u00fcre\u00e7lerimizi teknolojideki geli\u015fmelerle aktif olarak uyumlu hale getiriyoruz.\" \/>\n<meta name=\"robots\" content=\"index, follow, max-snippet:-1, max-image-preview:large, max-video-preview:-1\" \/>\n<link rel=\"canonical\" href=\"https:\/\/kaucuk-etiket.com\/en\/kaucuk-etiket-imalati\/\" \/>\n<meta property=\"og:locale\" content=\"en_US\" \/>\n<meta property=\"og:type\" content=\"article\" \/>\n<meta property=\"og:title\" content=\"Kau\u00e7uk etiket imalat\u0131 - Kivi Kau\u00e7uk\" \/>\n<meta property=\"og:description\" content=\"\u00d6ncelikli odak noktalar\u0131m\u0131zdan biri kau\u00e7uk etiket imalat\u0131 ve \u00fcretim s\u00fcre\u00e7lerimizi teknolojideki geli\u015fmelerle aktif olarak uyumlu hale getiriyoruz.\" \/>\n<meta property=\"og:url\" content=\"https:\/\/kaucuk-etiket.com\/en\/kaucuk-etiket-imalati\/\" \/>\n<meta property=\"og:site_name\" content=\"Kivi Kau\u00e7uk\" \/>\n<meta property=\"article:modified_time\" content=\"2023-07-18T12:35:07+00:00\" \/>\n<meta name=\"twitter:card\" content=\"summary_large_image\" \/>\n<meta name=\"twitter:label1\" content=\"Est. reading time\" \/>\n\t<meta name=\"twitter:data1\" content=\"1 minute\" \/>\n<script type=\"application\/ld+json\" class=\"yoast-schema-graph\">{\"@context\":\"https:\\\/\\\/schema.org\",\"@graph\":[{\"@type\":\"WebPage\",\"@id\":\"https:\\\/\\\/kaucuk-etiket.com\\\/kaucuk-etiket-imalati\\\/\",\"url\":\"https:\\\/\\\/kaucuk-etiket.com\\\/kaucuk-etiket-imalati\\\/\",\"name\":\"Kau\u00e7uk etiket imalat\u0131 - Kivi Kau\u00e7uk\",\"isPartOf\":{\"@id\":\"https:\\\/\\\/kaucuk-etiket.com\\\/#website\"},\"datePublished\":\"2023-05-19T12:41:47+00:00\",\"dateModified\":\"2023-07-18T12:35:07+00:00\",\"description\":\"\u00d6ncelikli odak noktalar\u0131m\u0131zdan biri kau\u00e7uk etiket imalat\u0131 ve \u00fcretim s\u00fcre\u00e7lerimizi teknolojideki geli\u015fmelerle aktif olarak uyumlu hale getiriyoruz.\",\"breadcrumb\":{\"@id\":\"https:\\\/\\\/kaucuk-etiket.com\\\/kaucuk-etiket-imalati\\\/#breadcrumb\"},\"inLanguage\":\"en-US\",\"potentialAction\":[{\"@type\":\"ReadAction\",\"target\":[\"https:\\\/\\\/kaucuk-etiket.com\\\/kaucuk-etiket-imalati\\\/\"]}]},{\"@type\":\"BreadcrumbList\",\"@id\":\"https:\\\/\\\/kaucuk-etiket.com\\\/kaucuk-etiket-imalati\\\/#breadcrumb\",\"itemListElement\":[{\"@type\":\"ListItem\",\"position\":1,\"name\":\"Home\",\"item\":\"https:\\\/\\\/kaucuk-etiket.com\\\/\"},{\"@type\":\"ListItem\",\"position\":2,\"name\":\"Kau\u00e7uk etiket imalat\u0131\"}]},{\"@type\":\"WebSite\",\"@id\":\"https:\\\/\\\/kaucuk-etiket.com\\\/#website\",\"url\":\"https:\\\/\\\/kaucuk-etiket.com\\\/\",\"name\":\"Kivi Kau\u00e7uk\",\"description\":\"Kau\u00e7uk Etiket Firmas\u0131 - Kau\u00e7uk Etiket imalat\u0131 - Silikon Etiket\",\"publisher\":{\"@id\":\"https:\\\/\\\/kaucuk-etiket.com\\\/#organization\"},\"potentialAction\":[{\"@type\":\"SearchAction\",\"target\":{\"@type\":\"EntryPoint\",\"urlTemplate\":\"https:\\\/\\\/kaucuk-etiket.com\\\/?s={search_term_string}\"},\"query-input\":{\"@type\":\"PropertyValueSpecification\",\"valueRequired\":true,\"valueName\":\"search_term_string\"}}],\"inLanguage\":\"en-US\"},{\"@type\":\"Organization\",\"@id\":\"https:\\\/\\\/kaucuk-etiket.com\\\/#organization\",\"name\":\"Kivi Kau\u00e7uk\",\"url\":\"https:\\\/\\\/kaucuk-etiket.com\\\/\",\"logo\":{\"@type\":\"ImageObject\",\"inLanguage\":\"en-US\",\"@id\":\"https:\\\/\\\/kaucuk-etiket.com\\\/#\\\/schema\\\/logo\\\/image\\\/\",\"url\":\"https:\\\/\\\/kaucuk-etiket.com\\\/wp-content\\\/uploads\\\/2020\\\/02\\\/Kivi-Kau\u00e7uk.jpg\",\"contentUrl\":\"https:\\\/\\\/kaucuk-etiket.com\\\/wp-content\\\/uploads\\\/2020\\\/02\\\/Kivi-Kau\u00e7uk.jpg\",\"width\":160,\"height\":86,\"caption\":\"Kivi Kau\u00e7uk\"},\"image\":{\"@id\":\"https:\\\/\\\/kaucuk-etiket.com\\\/#\\\/schema\\\/logo\\\/image\\\/\"}}]}<\/script>\n<!-- \/ Yoast SEO plugin. -->","yoast_head_json":{"title":"Kau\u00e7uk etiket imalat\u0131 - Kivi Kau\u00e7uk","description":"\u00d6ncelikli odak noktalar\u0131m\u0131zdan biri kau\u00e7uk etiket imalat\u0131 ve \u00fcretim s\u00fcre\u00e7lerimizi teknolojideki geli\u015fmelerle aktif olarak uyumlu hale getiriyoruz.","robots":{"index":"index","follow":"follow","max-snippet":"max-snippet:-1","max-image-preview":"max-image-preview:large","max-video-preview":"max-video-preview:-1"},"canonical":"https:\/\/kaucuk-etiket.com\/en\/kaucuk-etiket-imalati\/","og_locale":"en_US","og_type":"article","og_title":"Kau\u00e7uk etiket imalat\u0131 - Kivi Kau\u00e7uk","og_description":"\u00d6ncelikli odak noktalar\u0131m\u0131zdan biri kau\u00e7uk etiket imalat\u0131 ve \u00fcretim s\u00fcre\u00e7lerimizi teknolojideki geli\u015fmelerle aktif olarak uyumlu hale getiriyoruz.","og_url":"https:\/\/kaucuk-etiket.com\/en\/kaucuk-etiket-imalati\/","og_site_name":"Kivi Kau\u00e7uk","article_modified_time":"2023-07-18T12:35:07+00:00","twitter_card":"summary_large_image","twitter_misc":{"Est. reading time":"1 minute"},"schema":{"@context":"https:\/\/schema.org","@graph":[{"@type":"WebPage","@id":"https:\/\/kaucuk-etiket.com\/kaucuk-etiket-imalati\/","url":"https:\/\/kaucuk-etiket.com\/kaucuk-etiket-imalati\/","name":"Kau\u00e7uk etiket imalat\u0131 - Kivi Kau\u00e7uk","isPartOf":{"@id":"https:\/\/kaucuk-etiket.com\/#website"},"datePublished":"2023-05-19T12:41:47+00:00","dateModified":"2023-07-18T12:35:07+00:00","description":"\u00d6ncelikli odak noktalar\u0131m\u0131zdan biri kau\u00e7uk etiket imalat\u0131 ve \u00fcretim s\u00fcre\u00e7lerimizi teknolojideki geli\u015fmelerle aktif olarak uyumlu hale getiriyoruz.","breadcrumb":{"@id":"https:\/\/kaucuk-etiket.com\/kaucuk-etiket-imalati\/#breadcrumb"},"inLanguage":"en-US","potentialAction":[{"@type":"ReadAction","target":["https:\/\/kaucuk-etiket.com\/kaucuk-etiket-imalati\/"]}]},{"@type":"BreadcrumbList","@id":"https:\/\/kaucuk-etiket.com\/kaucuk-etiket-imalati\/#breadcrumb","itemListElement":[{"@type":"ListItem","position":1,"name":"Home","item":"https:\/\/kaucuk-etiket.com\/"},{"@type":"ListItem","position":2,"name":"Kau\u00e7uk etiket imalat\u0131"}]},{"@type":"WebSite","@id":"https:\/\/kaucuk-etiket.com\/#website","url":"https:\/\/kaucuk-etiket.com\/","name":"Kiwi Rubber","description":"Kau\u00e7uk Etiket Firmas\u0131 - Kau\u00e7uk Etiket imalat\u0131 - Silikon Etiket","publisher":{"@id":"https:\/\/kaucuk-etiket.com\/#organization"},"potentialAction":[{"@type":"SearchAction","target":{"@type":"EntryPoint","urlTemplate":"https:\/\/kaucuk-etiket.com\/?s={search_term_string}"},"query-input":{"@type":"PropertyValueSpecification","valueRequired":true,"valueName":"search_term_string"}}],"inLanguage":"en-US"},{"@type":"Organization","@id":"https:\/\/kaucuk-etiket.com\/#organization","name":"Kiwi Rubber","url":"https:\/\/kaucuk-etiket.com\/","logo":{"@type":"ImageObject","inLanguage":"en-US","@id":"https:\/\/kaucuk-etiket.com\/#\/schema\/logo\/image\/","url":"https:\/\/kaucuk-etiket.com\/wp-content\/uploads\/2020\/02\/Kivi-Kau\u00e7uk.jpg","contentUrl":"https:\/\/kaucuk-etiket.com\/wp-content\/uploads\/2020\/02\/Kivi-Kau\u00e7uk.jpg","width":160,"height":86,"caption":"Kivi Kau\u00e7uk"},"image":{"@id":"https:\/\/kaucuk-etiket.com\/#\/schema\/logo\/image\/"}}]}},"_links":{"self":[{"href":"https:\/\/kaucuk-etiket.com\/en\/wp-json\/wp\/v2\/pages\/849","targetHints":{"allow":["GET"]}}],"collection":[{"href":"https:\/\/kaucuk-etiket.com\/en\/wp-json\/wp\/v2\/pages"}],"about":[{"href":"https:\/\/kaucuk-etiket.com\/en\/wp-json\/wp\/v2\/types\/page"}],"author":[{"embeddable":true,"href":"https:\/\/kaucuk-etiket.com\/en\/wp-json\/wp\/v2\/users\/1"}],"replies":[{"embeddable":true,"href":"https:\/\/kaucuk-etiket.com\/en\/wp-json\/wp\/v2\/comments?post=849"}],"version-history":[{"count":84,"href":"https:\/\/kaucuk-etiket.com\/en\/wp-json\/wp\/v2\/pages\/849\/revisions"}],"predecessor-version":[{"id":1056,"href":"https:\/\/kaucuk-etiket.com\/en\/wp-json\/wp\/v2\/pages\/849\/revisions\/1056"}],"wp:attachment":[{"href":"https:\/\/kaucuk-etiket.com\/en\/wp-json\/wp\/v2\/media?parent=849"}],"curies":[{"name":"wp","href":"https:\/\/api.w.org\/{rel}","templated":true}]}}